{"id":938,"date":"2020-08-15T14:10:59","date_gmt":"2020-08-15T12:10:59","guid":{"rendered":"http:\/\/nuriadansa.cat\/nd\/?page_id=938"},"modified":"2020-08-15T14:53:35","modified_gmt":"2020-08-15T12:53:35","slug":"avis-legal-i-politica-de-cookies","status":"publish","type":"page","link":"https:\/\/nuriadansa.cat\/nd\/avis-legal-i-politica-de-cookies\/","title":{"rendered":"Av\u00eds legal i pol\u00edtica de cookies"},"content":{"rendered":"<p>[et_pb_section fb_built=&#8221;1&#8243; _builder_version=&#8221;3.27.3&#8243;][et_pb_row _builder_version=&#8221;3.27.3&#8243;][et_pb_column type=&#8221;4_4&#8243; _builder_version=&#8221;3.27.3&#8243;][et_pb_text ul_type=&#8221;circle&#8221; ul_item_indent=&#8221;5vw&#8221; _builder_version=&#8221;4.5.6&#8243; header_2_font=&#8221;|600|||||||&#8221; header_2_text_color=&#8221;#802b66&#8243; text_orientation=&#8221;justified&#8221; animation_style=&#8221;slide&#8221; animation_direction=&#8221;bottom&#8221; hover_enabled=&#8221;0&#8243; animation_intensity_slide=&#8221;5%&#8221;]<\/p>\n<h2>AV\u00cdS LEGAL I POL\u00cdTICA DE COOKIES (GALETES)<\/h2>\n<p>&nbsp;<\/p>\n<p>En compliment del que estableix la Llei 34\/2002, d&#8217;11 de juliol, de serveis de la societat de la informaci\u00f3 i del comer\u00e7 electr\u00f2nic, s&#8217;informa que l&#8217;entitat titular del lloc web allotjat a la URL <a href=\"http:\/\/www.nuriadansa.cat\">www.nuriadansa.cat<\/a>\u00a0\u00e9s:<\/p>\n<p style=\"padding-left: 30px;\">Titular: N\u00faria Prats Ferrer<\/p>\n<p style=\"padding-left: 30px;\">Tel\u00e8fon:\u00a0<span>93 453 77 62<\/span><\/p>\n<p style=\"padding-left: 30px;\">Correu electr\u00f2nic: <a href=\"mailto:escola@nuriadansa.cat\">escola@nuriadansa.cat<\/a>\u00a0<\/p>\n<p style=\"padding-left: 30px;\">CIF:\u00a046733648V<\/p>\n<p>Les cookies constitueixen uns procediments autom\u00e0tics de recollida d&#8217;informaci\u00f3 relativa a les prefer\u00e8ncies determinades per un usuari d&#8217;Internet durant la seva visita a un determinat lloc web, amb la finalitat de recon\u00e8ixer-li com a usuari recurrent i personalitzar una navegaci\u00f3 m\u00e9s r\u00e0pida.<\/p>\n<p>L&#8217;usuari pot configurar el seu navegador per acceptar o rebutjar per defecte les cookies o per rebre un av\u00eds a la pantalla cada cop que rebi una cookie, i decidir en aquest moment si l&#8217;emmagatzema o no al seu disc dur. Els procediments per al bloqueig i l&#8217;eliminaci\u00f3 de les cookies poden diferir d&#8217;un navegador d&#8217;Internet a un altre, per la qual cosa l&#8217;usuari haur\u00e0 d&#8217;acudir a les instruccions facilitades pel navegador d&#8217;Internet. En cas que l&#8217;usuari desitgi rebutjar l&#8217;\u00fas de cookies, pot limitar l&#8217;\u00fas d&#8217;algunes de les prestacions.<\/p>\n<p>Tot seguit, les cookies s\u00f3n classificades en funci\u00f3 d&#8217;una s\u00e8rie de categories.<\/p>\n<p><strong>I.- Segons l&#8217;entitat que les gestioni:<\/strong><\/p>\n<ul>\n<li>Pr\u00f2pies: s&#8217;envien a l&#8217;equip terminal de l&#8217;usuari des d&#8217;un equip o domini gestionat pel propi editor i des del qual es presta el servei sol\u00b7licitat per l&#8217;usuari.<\/li>\n<li>De tercers: S&#8217;envien a l&#8217;equip terminal de l&#8217;usuari des d&#8217;un equip o domini que no \u00e9s gestionat per l&#8217;editor sin\u00f3 per una altra entitat que tracta les dades obtingudes a trav\u00e9s de les cookies.<\/li>\n<\/ul>\n<p><strong>II.- Segons el termini de temps que romanen activades:<\/strong><\/p>\n<ul>\n<li><strong><\/strong>De sessi\u00f3: recapten i emmagatzemen dades mentre l&#8217;usuari accedeix a una p\u00e0gina web.<\/li>\n<li>Persistents: les dades segueixen emmagatzemades al terminal i poden ser accedides i tractades durant un periode definit pel responsables de la cookie.<\/li>\n<\/ul>\n<p><strong>III.- Segons la seva finalitat:<\/strong><\/p>\n<ul>\n<li>T\u00e8cniques: permeten l&#8217;usuari de navegar a trav\u00e9s d&#8217;una p\u00e0gina web, plataforma o aplicaci\u00f3, a m\u00e9s d ela utilitzaci\u00f3 de les diferents opcions o serveis que hi existeixin, com ara controlar el tr\u00e0nsit i la comunicaci\u00f3 de dades, identificar la sessi\u00f3, accedir a zones d&#8217;acc\u00e9s restringit, recordar els elements que integren una comanda, realitzar el proc\u00e9s de compra d&#8217;una comanda, realitzar la sol\u00b7licitud d&#8217;inscripci\u00f3 o participaci\u00f3 en un esdeveniment, fer \u00fas d&#8217;elements de seguretat durant la navegaci\u00f3, emmagatzemar continguts per a la difusi\u00f3 de v\u00eddeos i so, o compartir continguts a trav\u00e9s de les xarxes socials.<\/li>\n<li>De personalitzaci\u00f3: permeten l&#8217;usuari d&#8217;accedir al servei amb algunes caracter\u00edstiques de car\u00e0cter general predefinides en funci\u00f3 d&#8217;una s\u00e8rie de criteris al terminal de l&#8217;usuari, com ara l&#8217;idioma, el tipus de navegador utilitzat per accedir al servei, la configuraci\u00f3 regional des d&#8217;on s&#8217;accedeix al servei, etc.<\/li>\n<li>D&#8217;an\u00e0lisi: permeten le segument i l&#8217;an\u00e0lisi del comportament dels usuaris dels llocs web als quals estan vinculades (per exemple, en la mediaci\u00f3 de l&#8217;activitat dels llocs web, elaboraci\u00f3 de perfils de navegaci\u00f3 dels usuaris d&#8217;aquests llocs amb la finalitat d&#8217;introduir millores en funci\u00f3 de l&#8217;an\u00e0lisi de les dades d&#8217;\u00fas que fan els usuaris del servei).<\/li>\n<li>Publicit\u00e0ries: permeten la gesti\u00f3 dels espais publicitaris iinclosos en una p\u00e0gina web en base a criteris com ara el contingut editat o la freq\u00fc\u00e8ncia en qu\u00e8 es mostren els anuncis.<\/li>\n<li>Publicitat comportamental: permeten la gesti\u00f3 dels espais publicitaris inclosos en una p\u00e0gina web i emmagatzemen informaci\u00f3 sobre el comportament dels usuaris; aquesta informaci\u00f3 s&#8217;obt\u00e9 a trav\u00e9s de l&#8217;observaci\u00f3 continuada dels seus h\u00e0bits de navegaci\u00f3, cosa que permet desenvolupar un perfil espec\u00edfic per mostrar publicitat en funci\u00f3 del mateix.<\/li>\n<\/ul>\n<p>&nbsp;<\/p>\n<p>[\/et_pb_text][\/et_pb_column][\/et_pb_row][\/et_pb_section]<\/p>\n","protected":false},"excerpt":{"rendered":"<p>[et_pb_section fb_built=&#8221;1&#8243; _builder_version=&#8221;3.27.3&#8243;][et_pb_row _builder_version=&#8221;3.27.3&#8243;][et_pb_column type=&#8221;4_4&#8243; _builder_version=&#8221;3.27.3&#8243;][et_pb_text ul_type=&#8221;circle&#8221; ul_item_indent=&#8221;5vw&#8221; _builder_version=&#8221;4.5.6&#8243; header_2_font=&#8221;|600|||||||&#8221; header_2_text_color=&#8221;#802b66&#8243; text_orientation=&#8221;justified&#8221; animation_style=&#8221;slide&#8221; animation_direction=&#8221;bottom&#8221; hover_enabled=&#8221;0&#8243; animation_intensity_slide=&#8221;5%&#8221;] AV\u00cdS LEGAL I POL\u00cdTICA DE COOKIES (GALETES) &nbsp; En compliment del que estableix la Llei 34\/2002, d&#8217;11 de juliol, de serveis de la societat de la informaci\u00f3 i del comer\u00e7 electr\u00f2nic, s&#8217;informa que l&#8217;entitat titular del lloc web allotjat [&hellip;]<\/p>\n","protected":false},"author":1,"featured_media":0,"parent":0,"menu_order":0,"comment_status":"closed","ping_status":"closed","template":"","meta":{"_et_pb_use_builder":"on","_et_pb_old_content":"","_et_gb_content_width":""},"folder":[],"_links":{"self":[{"href":"https:\/\/nuriadansa.cat\/nd\/wp-json\/wp\/v2\/pages\/938"}],"collection":[{"href":"https:\/\/nuriadansa.cat\/nd\/wp-json\/wp\/v2\/pages"}],"about":[{"href":"https:\/\/nuriadansa.cat\/nd\/wp-json\/wp\/v2\/types\/page"}],"author":[{"embeddable":true,"href":"https:\/\/nuriadansa.cat\/nd\/wp-json\/wp\/v2\/users\/1"}],"replies":[{"embeddable":true,"href":"https:\/\/nuriadansa.cat\/nd\/wp-json\/wp\/v2\/comments?post=938"}],"version-history":[{"count":6,"href":"https:\/\/nuriadansa.cat\/nd\/wp-json\/wp\/v2\/pages\/938\/revisions"}],"predecessor-version":[{"id":1070,"href":"https:\/\/nuriadansa.cat\/nd\/wp-json\/wp\/v2\/pages\/938\/revisions\/1070"}],"wp:attachment":[{"href":"https:\/\/nuriadansa.cat\/nd\/wp-json\/wp\/v2\/media?parent=938"}],"wp:term":[{"taxonomy":"folder","embeddable":true,"href":"https:\/\/nuriadansa.cat\/nd\/wp-json\/wp\/v2\/folder?post=938"}],"curies":[{"name":"wp","href":"https:\/\/api.w.org\/{rel}","templated":true}]}}